{"id":56243,"date":"2023-10-22T18:26:34","date_gmt":"2023-10-22T16:26:34","guid":{"rendered":"https:\/\/staging.bfsimulators.com\/rejoignez-lequipe-de-brussels-flight-simulators-en-tant-quinstructeur\/"},"modified":"2023-10-22T18:26:34","modified_gmt":"2023-10-22T16:26:34","slug":"rejoignez-lequipe-de-brussels-flight-simulators-en-tant-quinstructeur","status":"publish","type":"page","link":"https:\/\/staging.bfsimulators.com\/fr\/rejoignez-lequipe-de-brussels-flight-simulators-en-tant-quinstructeur\/","title":{"rendered":"Rejoignez l&#8217;\u00e9quipe de Brussels Flight Simulators en tant qu&#8217;instructeur"},"content":{"rendered":"\t\t<div data-elementor-type=\"wp-page\" data-elementor-id=\"56243\" class=\"elementor elementor-56243 elementor-56170\" data-elementor-post-type=\"page\">\n\t\t\t\t\t\t<section class=\"elementor-section elementor-top-section elementor-element elementor-element-050797f elementor-section-boxed elementor-section-height-default elementor-section-height-default\" data-id=\"050797f\" data-element_type=\"section\" data-e-type=\"section\">\n\t\t\t\t\t\t<div class=\"elementor-container elementor-column-gap-default\">\n\t\t\t\t\t<div class=\"elementor-column elementor-col-100 elementor-top-column elementor-element elementor-element-49e5bcb\" data-id=\"49e5bcb\" data-element_type=\"column\" data-e-type=\"column\">\n\t\t\t<div class=\"elementor-widget-wrap elementor-element-populated\">\n\t\t\t\t\t\t<div class=\"elementor-element elementor-element-5a7d7c0 elementor-widget elementor-widget-image\" data-id=\"5a7d7c0\" data-element_type=\"widget\" data-e-type=\"widget\" data-widget_type=\"image.default\">\n\t\t\t\t<div class=\"elementor-widget-container\">\n\t\t\t\t\t\t\t\t\t\t\t\t\t\t\t<img fetchpriority=\"high\" decoding=\"async\" width=\"1900\" height=\"997\" src=\"https:\/\/staging.bfsimulators.com\/wp-content\/uploads\/2023\/10\/STUDENT-HIRING-2023.png\" class=\"attachment-large size-large wp-image-56180\" alt=\"\" srcset=\"https:\/\/staging.bfsimulators.com\/wp-content\/uploads\/2023\/10\/STUDENT-HIRING-2023.png 2286w, https:\/\/staging.bfsimulators.com\/wp-content\/uploads\/2023\/10\/STUDENT-HIRING-2023-300x158.png 300w, https:\/\/staging.bfsimulators.com\/wp-content\/uploads\/2023\/10\/STUDENT-HIRING-2023-768x403.png 768w, https:\/\/staging.bfsimulators.com\/wp-content\/uploads\/2023\/10\/STUDENT-HIRING-2023-1536x806.png 1536w, https:\/\/staging.bfsimulators.com\/wp-content\/uploads\/2023\/10\/STUDENT-HIRING-2023-2048x1075.png 2048w, https:\/\/staging.bfsimulators.com\/wp-content\/uploads\/2023\/10\/STUDENT-HIRING-2023-600x315.png 600w\" sizes=\"(max-width: 1900px) 100vw, 1900px\" \/>\t\t\t\t\t\t\t\t\t\t\t\t\t\t\t<\/div>\n\t\t\t\t<\/div>\n\t\t\t\t\t<\/div>\n\t\t<\/div>\n\t\t\t\t\t<\/div>\n\t\t<\/section>\n\t\t\t\t<section class=\"elementor-section elementor-top-section elementor-element elementor-element-f410c35 elementor-section-boxed elementor-section-height-default elementor-section-height-default\" data-id=\"f410c35\" data-element_type=\"section\" data-e-type=\"section\">\n\t\t\t\t\t\t<div class=\"elementor-container elementor-column-gap-default\">\n\t\t\t\t\t<div class=\"elementor-column elementor-col-100 elementor-top-column elementor-element elementor-element-9773dd9\" data-id=\"9773dd9\" data-element_type=\"column\" data-e-type=\"column\">\n\t\t\t<div class=\"elementor-widget-wrap elementor-element-populated\">\n\t\t\t\t\t\t<div class=\"elementor-element elementor-element-a812ef8 elementor-widget elementor-widget-heading\" data-id=\"a812ef8\" data-element_type=\"widget\" data-e-type=\"widget\" data-widget_type=\"heading.default\">\n\t\t\t\t<div class=\"elementor-widget-container\">\n\t\t\t\t\t<h1 class=\"elementor-heading-title elementor-size-default\">\u00c9tudiants : Rejoignez notre \u00e9quipe !<\/h1>\t\t\t\t<\/div>\n\t\t\t\t<\/div>\n\t\t\t\t<div class=\"elementor-element elementor-element-460a8ce elementor-widget elementor-widget-heading\" data-id=\"460a8ce\" data-element_type=\"widget\" data-e-type=\"widget\" data-widget_type=\"heading.default\">\n\t\t\t\t<div class=\"elementor-widget-container\">\n\t\t\t\t\t<h2 class=\"elementor-heading-title elementor-size-default\"> Passionn\u00e9s de simulation de vol recherch\u00e9s ! <\/h2>\t\t\t\t<\/div>\n\t\t\t\t<\/div>\n\t\t\t\t<div class=\"elementor-element elementor-element-f3dc5a2 elementor-widget elementor-widget-text-editor\" data-id=\"f3dc5a2\" data-element_type=\"widget\" data-e-type=\"widget\" data-widget_type=\"text-editor.default\">\n\t\t\t\t<div class=\"elementor-widget-container\">\n\t\t\t\t\t\t\t\t\t<h3><b>Rejoignez notre \u00e9quipe chez Brussels Flight Simulators :<\/b><\/h3>\n<b>Nous recherchons des \u00e9tudiants instructeurs passionn\u00e9s pour guider les clients sur nos simulateurs de pointe : <\/b>\n<ul>\n \t<li><b>Boeing 737NG<\/b><\/li>\n \t<li><b>Beechcraft Baron BE58<\/b><\/li>\n \t<li><b>F-16 &#8220;Fighting Falcon&#8221;<\/b><\/li>\n \t<li><b>Boeing F\/A-18E &#8220;Super Hornet&#8221;<\/b><\/li>\n<\/ul>\n<strong>Requirements<\/strong>:\n<ul>\n \t<li>Statut d&#8217;\u00e9tudiant actuel.<\/li>\n \t<li>Passionn\u00e9 d&#8217;aviation.<\/li>\n \t<li>Connaissance interm\u00e9diaire ou avanc\u00e9e des logiciels de simulation de vol.<\/li>\n \t<li>Excellentes aptitudes relationnelles et approche p\u00e9dagogique.<\/li>\n \t<li>Ma\u00eetrise de l&#8217;anglais, du n\u00e9erlandais et du fran\u00e7ais.<\/li>\n \t<li>Disponible le week-end.<\/li>\n \t<li>Aspirant pilote ou actuellement en formation de pilote.<\/li>\n<\/ul>\n<p><b><i>D\u00e9couvrez les sensations de l&#8217;aviation tout en am\u00e9liorant vos comp\u00e9tences. Postulez maintenant et envolez-vous avec nous !<\/i><\/b><\/p>\n\n<p><strong>Candidature<\/strong>: envoyez votre CV \u00e0 <a href=\"mailto:student-apply@bfsim.com?subject=student%20application\">student-apply@bfsim.com<\/a><\/p>\t\t\t\t\t\t\t\t<\/div>\n\t\t\t\t<\/div>\n\t\t\t\t\t<\/div>\n\t\t<\/div>\n\t\t\t\t\t<\/div>\n\t\t<\/section>\n\t\t\t\t<\/div>\n\t\t","protected":false},"excerpt":{"rendered":"<p>\u00c9tudiants : Rejoignez notre \u00e9quipe ! Passionn\u00e9s de simulation de vol recherch\u00e9s ! Rejoignez notre \u00e9quipe chez Brussels Flight Simulators : Nous recherchons des \u00e9tudiants instructeurs passionn\u00e9s pour guider les clients sur nos simulateurs de pointe : Boeing 737NG Beechcraft Baron BE58 F-16 &#8220;Fighting Falcon&#8221; Boeing F\/A-18E &#8220;Super Hornet&#8221; Requirements: Statut d&#8217;\u00e9tudiant actuel. Passionn\u00e9 d&#8217;aviation. [&hellip;]<\/p>\n","protected":false},"author":1,"featured_media":0,"parent":0,"menu_order":0,"comment_status":"closed","ping_status":"closed","template":"","meta":{"_bfsim_aircraft_header":"","_bfsim_aircraft_details":"","_bfsim_aircraft_photos":"","footnotes":""},"categories":[],"class_list":["post-56243","page","type-page","status-publish","hentry"],"blocksy_meta":[],"yoast_head":"<!-- This site is optimized with the Yoast SEO Premium plugin v26.9 (Yoast SEO v26.9) - https:\/\/yoast.com\/product\/yoast-seo-premium-wordpress\/ -->\n<title>Rejoignez l&#039;\u00e9quipe de Brussels Flight Simulators en tant qu&#039;instructeur - Brussels Flight Simulators<\/title>\n<meta name=\"description\" content=\"Guider les clients sur des simulateurs avanc\u00e9s comme le Boeing 737NG, le F-16, etc. Passionn\u00e9 d&#039;aviation ? Vous ma\u00eetrisez les langues EN\/NL\/FR ? Postulez maintenant ! \ud83d\ude80\" \/>\n<meta name=\"robots\" content=\"noindex, follow, max-snippet:-1, max-image-preview:large, max-video-preview:-1\" \/>\n<meta property=\"og:locale\" content=\"en_US\" \/>\n<meta property=\"og:type\" content=\"article\" \/>\n<meta property=\"og:title\" content=\"Rejoignez l&#039;\u00e9quipe de Brussels Flight Simulators en tant qu&#039;instructeur\" \/>\n<meta property=\"og:description\" content=\"Guider les clients sur des simulateurs avanc\u00e9s comme le Boeing 737NG, le F-16, etc. Passionn\u00e9 d&#039;aviation ? Vous ma\u00eetrisez les langues EN\/NL\/FR ? Postulez maintenant ! \ud83d\ude80\" \/>\n<meta property=\"og:url\" content=\"https:\/\/staging.bfsimulators.com\/fr\/rejoignez-lequipe-de-brussels-flight-simulators-en-tant-quinstructeur\/\" \/>\n<meta property=\"og:site_name\" content=\"Brussels Flight Simulators\" \/>\n<meta property=\"og:image\" content=\"https:\/\/staging.bfsimulators.com\/wp-content\/uploads\/2023\/10\/STUDENT-HIRING-2023.png\" \/>\n<meta name=\"twitter:card\" content=\"summary_large_image\" \/>\n<meta name=\"twitter:label1\" content=\"Est. reading time\" \/>\n\t<meta name=\"twitter:data1\" content=\"1 minute\" \/>\n<script type=\"application\/ld+json\" class=\"yoast-schema-graph\">{\"@context\":\"https:\/\/schema.org\",\"@graph\":[{\"@type\":\"WebPage\",\"@id\":\"https:\/\/staging.bfsimulators.com\/fr\/rejoignez-lequipe-de-brussels-flight-simulators-en-tant-quinstructeur\/\",\"url\":\"https:\/\/staging.bfsimulators.com\/fr\/rejoignez-lequipe-de-brussels-flight-simulators-en-tant-quinstructeur\/\",\"name\":\"Rejoignez l'\u00e9quipe de Brussels Flight Simulators en tant qu'instructeur - Brussels Flight Simulators\",\"isPartOf\":{\"@id\":\"https:\/\/staging.bfsimulators.com\/fr\/#website\"},\"primaryImageOfPage\":{\"@id\":\"https:\/\/staging.bfsimulators.com\/fr\/rejoignez-lequipe-de-brussels-flight-simulators-en-tant-quinstructeur\/#primaryimage\"},\"image\":{\"@id\":\"https:\/\/staging.bfsimulators.com\/fr\/rejoignez-lequipe-de-brussels-flight-simulators-en-tant-quinstructeur\/#primaryimage\"},\"thumbnailUrl\":\"https:\/\/staging.bfsimulators.com\/wp-content\/uploads\/2023\/10\/STUDENT-HIRING-2023.png\",\"datePublished\":\"2023-10-22T16:26:34+00:00\",\"description\":\"Guider les clients sur des simulateurs avanc\u00e9s comme le Boeing 737NG, le F-16, etc. Passionn\u00e9 d'aviation ? Vous ma\u00eetrisez les langues EN\/NL\/FR ? Postulez maintenant ! \ud83d\ude80\",\"breadcrumb\":{\"@id\":\"https:\/\/staging.bfsimulators.com\/fr\/rejoignez-lequipe-de-brussels-flight-simulators-en-tant-quinstructeur\/#breadcrumb\"},\"inLanguage\":\"en-US\",\"potentialAction\":[{\"@type\":\"ReadAction\",\"target\":[\"https:\/\/staging.bfsimulators.com\/fr\/rejoignez-lequipe-de-brussels-flight-simulators-en-tant-quinstructeur\/\"]}]},{\"@type\":\"ImageObject\",\"inLanguage\":\"en-US\",\"@id\":\"https:\/\/staging.bfsimulators.com\/fr\/rejoignez-lequipe-de-brussels-flight-simulators-en-tant-quinstructeur\/#primaryimage\",\"url\":\"https:\/\/staging.bfsimulators.com\/wp-content\/uploads\/2023\/10\/STUDENT-HIRING-2023.png\",\"contentUrl\":\"https:\/\/staging.bfsimulators.com\/wp-content\/uploads\/2023\/10\/STUDENT-HIRING-2023.png\"},{\"@type\":\"BreadcrumbList\",\"@id\":\"https:\/\/staging.bfsimulators.com\/fr\/rejoignez-lequipe-de-brussels-flight-simulators-en-tant-quinstructeur\/#breadcrumb\",\"itemListElement\":[{\"@type\":\"ListItem\",\"position\":1,\"name\":\"Home\",\"item\":\"https:\/\/staging.bfsimulators.com\/fr\/home-2\/\"},{\"@type\":\"ListItem\",\"position\":2,\"name\":\"Rejoignez l&#8217;\u00e9quipe de Brussels Flight Simulators en tant qu&#8217;instructeur\"}]},{\"@type\":\"WebSite\",\"@id\":\"https:\/\/staging.bfsimulators.com\/fr\/#website\",\"url\":\"https:\/\/staging.bfsimulators.com\/fr\/\",\"name\":\"Brussels Flight Simulators\",\"description\":\"Trusted by Pilots, Loved by Enthusiasts\",\"publisher\":{\"@id\":\"https:\/\/staging.bfsimulators.com\/fr\/#organization\"},\"potentialAction\":[{\"@type\":\"SearchAction\",\"target\":{\"@type\":\"EntryPoint\",\"urlTemplate\":\"https:\/\/staging.bfsimulators.com\/fr\/?s={search_term_string}\"},\"query-input\":{\"@type\":\"PropertyValueSpecification\",\"valueRequired\":true,\"valueName\":\"search_term_string\"}}],\"inLanguage\":\"en-US\"},{\"@type\":\"Organization\",\"@id\":\"https:\/\/staging.bfsimulators.com\/fr\/#organization\",\"name\":\"Brussels Flight Simulators\",\"url\":\"https:\/\/staging.bfsimulators.com\/fr\/\",\"logo\":{\"@type\":\"ImageObject\",\"inLanguage\":\"en-US\",\"@id\":\"https:\/\/staging.bfsimulators.com\/fr\/#\/schema\/logo\/image\/\",\"url\":\"https:\/\/staging.bfsimulators.com\/wp-content\/uploads\/2021\/06\/Brussels-Flight-Simulators-LOGO-DEF-MASTER-V3-D-AVION-SOLO-5000x2250-600x300-1-e1624698461157.png\",\"contentUrl\":\"https:\/\/staging.bfsimulators.com\/wp-content\/uploads\/2021\/06\/Brussels-Flight-Simulators-LOGO-DEF-MASTER-V3-D-AVION-SOLO-5000x2250-600x300-1-e1624698461157.png\",\"width\":600,\"height\":198,\"caption\":\"Brussels Flight Simulators\"},\"image\":{\"@id\":\"https:\/\/staging.bfsimulators.com\/fr\/#\/schema\/logo\/image\/\"}}]}<\/script>\n<!-- \/ Yoast SEO Premium plugin. -->","yoast_head_json":{"title":"Rejoignez l'\u00e9quipe de Brussels Flight Simulators en tant qu'instructeur - Brussels Flight Simulators","description":"Guider les clients sur des simulateurs avanc\u00e9s comme le Boeing 737NG, le F-16, etc. Passionn\u00e9 d'aviation ? Vous ma\u00eetrisez les langues EN\/NL\/FR ? Postulez maintenant ! \ud83d\ude80","robots":{"index":"noindex","follow":"follow","max-snippet":"max-snippet:-1","max-image-preview":"max-image-preview:large","max-video-preview":"max-video-preview:-1"},"og_locale":"en_US","og_type":"article","og_title":"Rejoignez l'\u00e9quipe de Brussels Flight Simulators en tant qu'instructeur","og_description":"Guider les clients sur des simulateurs avanc\u00e9s comme le Boeing 737NG, le F-16, etc. Passionn\u00e9 d'aviation ? Vous ma\u00eetrisez les langues EN\/NL\/FR ? Postulez maintenant ! \ud83d\ude80","og_url":"https:\/\/staging.bfsimulators.com\/fr\/rejoignez-lequipe-de-brussels-flight-simulators-en-tant-quinstructeur\/","og_site_name":"Brussels Flight Simulators","og_image":[{"url":"https:\/\/staging.bfsimulators.com\/wp-content\/uploads\/2023\/10\/STUDENT-HIRING-2023.png","type":"","width":"","height":""}],"twitter_card":"summary_large_image","twitter_misc":{"Est. reading time":"1 minute"},"schema":{"@context":"https:\/\/schema.org","@graph":[{"@type":"WebPage","@id":"https:\/\/staging.bfsimulators.com\/fr\/rejoignez-lequipe-de-brussels-flight-simulators-en-tant-quinstructeur\/","url":"https:\/\/staging.bfsimulators.com\/fr\/rejoignez-lequipe-de-brussels-flight-simulators-en-tant-quinstructeur\/","name":"Rejoignez l'\u00e9quipe de Brussels Flight Simulators en tant qu'instructeur - Brussels Flight Simulators","isPartOf":{"@id":"https:\/\/staging.bfsimulators.com\/fr\/#website"},"primaryImageOfPage":{"@id":"https:\/\/staging.bfsimulators.com\/fr\/rejoignez-lequipe-de-brussels-flight-simulators-en-tant-quinstructeur\/#primaryimage"},"image":{"@id":"https:\/\/staging.bfsimulators.com\/fr\/rejoignez-lequipe-de-brussels-flight-simulators-en-tant-quinstructeur\/#primaryimage"},"thumbnailUrl":"https:\/\/staging.bfsimulators.com\/wp-content\/uploads\/2023\/10\/STUDENT-HIRING-2023.png","datePublished":"2023-10-22T16:26:34+00:00","description":"Guider les clients sur des simulateurs avanc\u00e9s comme le Boeing 737NG, le F-16, etc. Passionn\u00e9 d'aviation ? Vous ma\u00eetrisez les langues EN\/NL\/FR ? Postulez maintenant ! \ud83d\ude80","breadcrumb":{"@id":"https:\/\/staging.bfsimulators.com\/fr\/rejoignez-lequipe-de-brussels-flight-simulators-en-tant-quinstructeur\/#breadcrumb"},"inLanguage":"en-US","potentialAction":[{"@type":"ReadAction","target":["https:\/\/staging.bfsimulators.com\/fr\/rejoignez-lequipe-de-brussels-flight-simulators-en-tant-quinstructeur\/"]}]},{"@type":"ImageObject","inLanguage":"en-US","@id":"https:\/\/staging.bfsimulators.com\/fr\/rejoignez-lequipe-de-brussels-flight-simulators-en-tant-quinstructeur\/#primaryimage","url":"https:\/\/staging.bfsimulators.com\/wp-content\/uploads\/2023\/10\/STUDENT-HIRING-2023.png","contentUrl":"https:\/\/staging.bfsimulators.com\/wp-content\/uploads\/2023\/10\/STUDENT-HIRING-2023.png"},{"@type":"BreadcrumbList","@id":"https:\/\/staging.bfsimulators.com\/fr\/rejoignez-lequipe-de-brussels-flight-simulators-en-tant-quinstructeur\/#breadcrumb","itemListElement":[{"@type":"ListItem","position":1,"name":"Home","item":"https:\/\/staging.bfsimulators.com\/fr\/home-2\/"},{"@type":"ListItem","position":2,"name":"Rejoignez l&#8217;\u00e9quipe de Brussels Flight Simulators en tant qu&#8217;instructeur"}]},{"@type":"WebSite","@id":"https:\/\/staging.bfsimulators.com\/fr\/#website","url":"https:\/\/staging.bfsimulators.com\/fr\/","name":"Brussels Flight Simulators","description":"Trusted by Pilots, Loved by Enthusiasts","publisher":{"@id":"https:\/\/staging.bfsimulators.com\/fr\/#organization"},"potentialAction":[{"@type":"SearchAction","target":{"@type":"EntryPoint","urlTemplate":"https:\/\/staging.bfsimulators.com\/fr\/?s={search_term_string}"},"query-input":{"@type":"PropertyValueSpecification","valueRequired":true,"valueName":"search_term_string"}}],"inLanguage":"en-US"},{"@type":"Organization","@id":"https:\/\/staging.bfsimulators.com\/fr\/#organization","name":"Brussels Flight Simulators","url":"https:\/\/staging.bfsimulators.com\/fr\/","logo":{"@type":"ImageObject","inLanguage":"en-US","@id":"https:\/\/staging.bfsimulators.com\/fr\/#\/schema\/logo\/image\/","url":"https:\/\/staging.bfsimulators.com\/wp-content\/uploads\/2021\/06\/Brussels-Flight-Simulators-LOGO-DEF-MASTER-V3-D-AVION-SOLO-5000x2250-600x300-1-e1624698461157.png","contentUrl":"https:\/\/staging.bfsimulators.com\/wp-content\/uploads\/2021\/06\/Brussels-Flight-Simulators-LOGO-DEF-MASTER-V3-D-AVION-SOLO-5000x2250-600x300-1-e1624698461157.png","width":600,"height":198,"caption":"Brussels Flight Simulators"},"image":{"@id":"https:\/\/staging.bfsimulators.com\/fr\/#\/schema\/logo\/image\/"}}]}},"_links":{"self":[{"href":"https:\/\/staging.bfsimulators.com\/fr\/wp-json\/wp\/v2\/pages\/56243","targetHints":{"allow":["GET"]}}],"collection":[{"href":"https:\/\/staging.bfsimulators.com\/fr\/wp-json\/wp\/v2\/pages"}],"about":[{"href":"https:\/\/staging.bfsimulators.com\/fr\/wp-json\/wp\/v2\/types\/page"}],"author":[{"embeddable":true,"href":"https:\/\/staging.bfsimulators.com\/fr\/wp-json\/wp\/v2\/users\/1"}],"replies":[{"embeddable":true,"href":"https:\/\/staging.bfsimulators.com\/fr\/wp-json\/wp\/v2\/comments?post=56243"}],"version-history":[{"count":1,"href":"https:\/\/staging.bfsimulators.com\/fr\/wp-json\/wp\/v2\/pages\/56243\/revisions"}],"predecessor-version":[{"id":56244,"href":"https:\/\/staging.bfsimulators.com\/fr\/wp-json\/wp\/v2\/pages\/56243\/revisions\/56244"}],"wp:attachment":[{"href":"https:\/\/staging.bfsimulators.com\/fr\/wp-json\/wp\/v2\/media?parent=56243"}],"wp:term":[{"taxonomy":"category","embeddable":true,"href":"https:\/\/staging.bfsimulators.com\/fr\/wp-json\/wp\/v2\/categories?post=56243"}],"curies":[{"name":"wp","href":"https:\/\/api.w.org\/{rel}","templated":true}]}}