{"id":10517,"date":"2021-04-22T13:32:01","date_gmt":"2021-07-25T08:43:16","guid":{"rendered":"https:\/\/staging.bfsimulators.com\/product\/voucher-f-16-f-18-fighter-aircrafts\/"},"modified":"2023-08-17T17:10:48","modified_gmt":"2023-08-17T15:10:48","slug":"voucher-fighters-fun-flight","status":"publish","type":"product","link":"https:\/\/staging.bfsimulators.com\/fr\/product\/voucher-fighters-fun-flight\/","title":{"rendered":"Voucher: F-16 \/ F-18 Fighter Aircraft"},"content":{"rendered":"<div class=\"global-product-page-full-description-master-col-flex\">\n<div class=\"global-product-page-full-description-left-col-60\">\n<h3>QUEL CADEAU INCROYABLE ! DOGFIGHT, ATTERRISSAGE SUR PORTE-AVIONS, MISSIONS DINGUES, MANOEUVRES DE VOLTIGE : NOS SIMULATEURS SONT SI R\u00c9ALISTES QUE VOUS VOUS IMMERGEZ PLEINEMENT DANS LE MONDE INCROYABLE DES AVIONS DE CHASSE !<\/h3>\n<p>Offrez une exp\u00e9rience F-16 ou F-18 (single pilot), voire les deux F-16 et F-18 ensemble dans le m\u00eame espace a\u00e9rien virtuel (formule COMBO pour 2 pilotes), pour une exp\u00e9rience interactive \u00e9poustouflante.<\/p>\n<p>Le <strong>F-16<\/strong> est un avion de chasse multir\u00f4le tandis que le <strong>F-18<\/strong> est plut\u00f4t un chasseur bombardier &#8211; mais aussi un avion d&#8217;attaque. Une incroyable exp\u00e9rience immersive \u00e0 210\u00b0 !<\/p>\n<ul>\n<li>Missions interactives, combat a\u00e9rien, bombardement, sauvetage, interceptions : une immersion totale dans l&#8217;univers des pilotes de chasse<\/li>\n<li>Formule solo F-16 ou F-18 : 1 pilote + max 1 observateur<\/li>\n<li>Formule COMBO : 2 pilotes + max 2 observateurs<\/li>\n<li>Instructeur simu professionnel inclus (EN\/FR\/NL)<\/li>\n<li>Briefing rapide gratuit de 5 min aux commandes, avant le d\u00e9but de la session (EN\/FR\/NL)<\/li>\n<li>Aucun pr\u00e9requis, vous volez en quelques minutes<\/li>\n<li>Comportement super r\u00e9aliste de l&#8217;avion<\/li>\n<li>Plus de 24.000 a\u00e9roports, missions illimit\u00e9es<\/li>\n<li>M\u00e9t\u00e9o enti\u00e8rement personnalisable<\/li>\n<li>Cibles virtuelles et ennemis<\/li>\n<li>Activit\u00e9 pour adultes et enfants +10 ans*<\/li>\n<li>Bref : du frisson, du fun, de la chair de poule et de l&#8217;adr\u00e9naline !<\/li>\n<\/ul>\n<p><span style=\"font-size: small; font-style: italic;\">* piloter un simulateur de vol est cependant assez technique et ne convient pas aux enfants qui ne sont pas pr\u00eats \u00e0 garder un minimum de concentration.<br \/>\nUn simulateur de vol professionnel reproduit de fa\u00e7on ultra pr\u00e9cise le comportement r\u00e9el des avions, et diff\u00e8re donc des consoles de jeux ou des casques VR qui proposent parfois de tr\u00e8s hautes r\u00e9solutions d\u2019image et des effets impressionnants mais totalement irr\u00e9alistes.<br \/>\nNous ne sommes pas un Luna Park, il est donc important de savoir que les exp\u00e9riences que nous offrons ne poursuivent pas les m\u00eames buts que les jeux vid\u00e9os. Notre objectif est de placer les participants dans une simulation aussi r\u00e9elle que possible, ce qui est \u00e0 la fois amusant et impressionnant.<br \/>\nNos simulateurs sont \u00e9galement utilis\u00e9s par des pilotes professionnels, tant pour le training que pour le plaisir.<br \/>\nIls sont statiques (pas sur v\u00e9rins hydrauliques), cependant l\u2019illusion de mouvement est tr\u00e8s efficace gr\u00e2ce aux syst\u00e8mes visuels et sonores avanc\u00e9s que nous utilisons.<\/span><\/p>\n<\/div>\n<div class=\"global-product-page-full-description-right-col-40\"><img decoding=\"async\" class=\"global-product-page-full-description-image\" src=\"https:\/\/staging.bfsimulators.com\/wp-content\/uploads\/2021\/03\/F-16-2.jpg\" alt=\"\"><br \/>\n<img decoding=\"async\" class=\"global-product-page-full-description-image\" src=\"https:\/\/staging.bfsimulators.com\/wp-content\/uploads\/2021\/04\/F16-Louis-side-view.jpg\" alt=\"\"><br \/>\n<img decoding=\"async\" class=\"global-product-page-full-description-image\" src=\"https:\/\/staging.bfsimulators.com\/wp-content\/uploads\/2021\/03\/Carrousel-01-fighter-04-1600x900-1.jpg\" alt=\"\"><\/div>\n<\/div>\n","protected":false},"excerpt":{"rendered":"<h3>Le cadeau ultime qui \u00e9pate ! 1 \u00e0 4 personnes<\/h3>\n<p><strong>Offrez \u00e0 1 \u00e0 4 personnes cette exp\u00e9rience \u00e9tonnante, palpitante et immersive : elles ne l&#8217;oublieront jamais !<\/strong><\/p>\n<p>L&#8217;exp\u00e9rience <em><strong>SOLO FIGHTER<\/strong><\/em> sur F-16 ou F\/A-18E est d\u00e9di\u00e9e \u00e0 un pilote solo. Toutefois, chaque pilote peut \u00eatre accompagn\u00e9 d&#8217;une ou deux personnes en tant qu&#8217;observateurs ; le pilote peut partager le temps aux commandes avec les observateurs s&#8217;il le souhaite. Veillez toutefois \u00e0 ne pas r\u00e9duire l&#8217;exp\u00e9rience de chacun au strict minimum de 15\/20 minutes.<\/p>\n<p>Le <em><strong>COMBO FIGHTERS<\/strong><\/em> est recommand\u00e9 si vous souhaitez offrir une session pour 2 personnes pilotant nos 2 avions de chasse F-16 et F\/A-18E en m\u00eame temps. Les 2 participants (amis, coll\u00e8gues, membres de la famille) piloteront \u00e0 la fois le F-16 et le F\/A-18E dans le m\u00eame espace a\u00e9rien : combats a\u00e9riens interactifs, vols en formation et missions coordonn\u00e9es !<br \/>\nL\u00e0 encore, chaque pilote peut \u00eatre accompagn\u00e9 d&#8217;une ou deux personnes en tant qu&#8217;observateurs ; chaque pilote peut partager le temps aux commandes avec les observateurs ou \u00e9changer avec l&#8217;autre pilote s&#8217;il le souhaite. Veillez toutefois \u00e0 ne pas r\u00e9duire l&#8217;exp\u00e9rience de chacun au strict minimum de 15\/20 minutes.<\/p>\n<p><span style=\"font-size: x-small; font-weight: 800;\">Convient aux adultes et aux jeunes \u00e0 partir de 10 ans.<br \/>Les vouchers sont valables \u00e0 vie et leur prix est prot\u00e9g\u00e9 pendant un an !<\/span><\/p>\n","protected":false},"featured_media":8794,"comment_status":"closed","ping_status":"closed","template":"","meta":{"_bfsim_aircraft_header":"","_bfsim_aircraft_details":"","_bfsim_aircraft_photos":""},"product_brand":[],"product_cat":[83],"product_tag":[92,94,100],"class_list":{"0":"post-10517","1":"product","2":"type-product","3":"status-publish","4":"has-post-thumbnail","6":"product_cat-vouchers-fr","7":"product_tag-f16-fr","8":"product_tag-f18-fr","9":"product_tag-fun-flight-tag-fr","11":"first","12":"instock","13":"taxable","14":"shipping-taxable","15":"purchasable","16":"product-type-variable","17":"has-default-attributes"},"booking_location":null,"booking_location_type":null,"booking_duration":null,"booking_duration_unit":null,"booking_buffer":null,"booking_cost":null,"booking_resources":null,"yoast_head":"<!-- This site is optimized with the Yoast SEO Premium plugin v26.9 (Yoast SEO v26.9) - https:\/\/yoast.com\/product\/yoast-seo-premium-wordpress\/ -->\n<title>Voucher: F-16 \/ F-18 Fighter Aircraft - Brussels Flight Simulators<\/title>\n<meta name=\"robots\" content=\"noindex, follow, max-snippet:-1, max-image-preview:large, max-video-preview:-1\" \/>\n<meta property=\"og:locale\" content=\"en_US\" \/>\n<meta property=\"og:type\" content=\"article\" \/>\n<meta property=\"og:title\" content=\"Voucher: F-16 \/ F-18 Fighter Aircraft\" \/>\n<meta property=\"og:description\" content=\"Le cadeau ultime qui \u00e9pate ! 1 \u00e0 4 personnes Offrez \u00e0 1 \u00e0 4 personnes cette exp\u00e9rience \u00e9tonnante, palpitante et immersive : elles ne l&#039;oublieront jamais ! L&#039;exp\u00e9rience SOLO FIGHTER sur F-16 ou F\/A-18E est d\u00e9di\u00e9e \u00e0 un pilote solo. Toutefois, chaque pilote peut \u00eatre accompagn\u00e9 d&#039;une ou deux personnes en tant qu&#039;observateurs ; le pilote peut partager le temps aux commandes avec les observateurs s&#039;il le souhaite. Veillez toutefois \u00e0 ne pas r\u00e9duire l&#039;exp\u00e9rience de chacun au strict minimum de 15\/20 minutes. Le COMBO FIGHTERS est recommand\u00e9 si vous souhaitez offrir une session pour 2 personnes pilotant nos 2 avions de chasse F-16 et F\/A-18E en m\u00eame temps. Les 2 participants (amis, coll\u00e8gues, membres de la famille) piloteront \u00e0 la fois le F-16 et le F\/A-18E dans le m\u00eame espace a\u00e9rien : combats a\u00e9riens interactifs, vols en formation et missions coordonn\u00e9es ! L\u00e0 encore, chaque pilote peut \u00eatre accompagn\u00e9 d&#039;une ou deux personnes en tant qu&#039;observateurs ; chaque pilote peut partager le temps aux commandes avec les observateurs ou \u00e9changer avec l&#039;autre pilote s&#039;il le souhaite. Veillez toutefois \u00e0 ne pas r\u00e9duire l&#039;exp\u00e9rience de chacun au strict minimum de 15\/20 minutes. Convient aux adultes et aux jeunes \u00e0 partir de 10 ans.Les vouchers sont valables \u00e0 vie et leur prix est prot\u00e9g\u00e9 pendant un an !\" \/>\n<meta property=\"og:url\" content=\"https:\/\/staging.bfsimulators.com\/fr\/product\/voucher-fighters-fun-flight\/\" \/>\n<meta property=\"og:site_name\" content=\"Brussels Flight Simulators\" \/>\n<meta property=\"article:modified_time\" content=\"2023-08-17T15:10:48+00:00\" \/>\n<meta property=\"og:image\" content=\"https:\/\/staging.bfsimulators.com\/wp-content\/uploads\/2021\/04\/F16-F18-Louis-Chloe-perspective.jpg\" \/>\n\t<meta property=\"og:image:width\" content=\"1424\" \/>\n\t<meta property=\"og:image:height\" content=\"800\" \/>\n\t<meta property=\"og:image:type\" content=\"image\/jpeg\" \/>\n<meta name=\"twitter:card\" content=\"summary_large_image\" \/>\n<meta name=\"twitter:label1\" content=\"Est. reading time\" \/>\n\t<meta name=\"twitter:data1\" content=\"2 minutes\" \/>\n<script type=\"application\/ld+json\" class=\"yoast-schema-graph\">{\"@context\":\"https:\/\/schema.org\",\"@graph\":[{\"@type\":\"WebPage\",\"@id\":\"https:\/\/staging.bfsimulators.com\/fr\/product\/voucher-fighters-fun-flight\/\",\"url\":\"https:\/\/staging.bfsimulators.com\/fr\/product\/voucher-fighters-fun-flight\/\",\"name\":\"Voucher: F-16 \/ F-18 Fighter Aircraft - Brussels Flight Simulators\",\"isPartOf\":{\"@id\":\"https:\/\/staging.bfsimulators.com\/fr\/#website\"},\"primaryImageOfPage\":{\"@id\":\"https:\/\/staging.bfsimulators.com\/fr\/product\/voucher-fighters-fun-flight\/#primaryimage\"},\"image\":{\"@id\":\"https:\/\/staging.bfsimulators.com\/fr\/product\/voucher-fighters-fun-flight\/#primaryimage\"},\"thumbnailUrl\":\"https:\/\/staging.bfsimulators.com\/wp-content\/uploads\/2021\/04\/F16-F18-Louis-Chloe-perspective.jpg\",\"datePublished\":\"2021-07-25T08:43:16+00:00\",\"dateModified\":\"2023-08-17T15:10:48+00:00\",\"breadcrumb\":{\"@id\":\"https:\/\/staging.bfsimulators.com\/fr\/product\/voucher-fighters-fun-flight\/#breadcrumb\"},\"inLanguage\":\"en-US\",\"potentialAction\":[{\"@type\":\"ReadAction\",\"target\":[\"https:\/\/staging.bfsimulators.com\/fr\/product\/voucher-fighters-fun-flight\/\"]}]},{\"@type\":\"ImageObject\",\"inLanguage\":\"en-US\",\"@id\":\"https:\/\/staging.bfsimulators.com\/fr\/product\/voucher-fighters-fun-flight\/#primaryimage\",\"url\":\"https:\/\/staging.bfsimulators.com\/wp-content\/uploads\/2021\/04\/F16-F18-Louis-Chloe-perspective.jpg\",\"contentUrl\":\"https:\/\/staging.bfsimulators.com\/wp-content\/uploads\/2021\/04\/F16-F18-Louis-Chloe-perspective.jpg\",\"width\":1424,\"height\":800},{\"@type\":\"BreadcrumbList\",\"@id\":\"https:\/\/staging.bfsimulators.com\/fr\/product\/voucher-fighters-fun-flight\/#breadcrumb\",\"itemListElement\":[{\"@type\":\"ListItem\",\"position\":1,\"name\":\"Home\",\"item\":\"https:\/\/staging.bfsimulators.com\/fr\/home-2\/\"},{\"@type\":\"ListItem\",\"position\":2,\"name\":\"Boutique\",\"item\":\"https:\/\/staging.bfsimulators.com\/fr\/shop\/\"},{\"@type\":\"ListItem\",\"position\":3,\"name\":\"Voucher: F-16 \/ F-18 Fighter Aircraft\"}]},{\"@type\":\"WebSite\",\"@id\":\"https:\/\/staging.bfsimulators.com\/fr\/#website\",\"url\":\"https:\/\/staging.bfsimulators.com\/fr\/\",\"name\":\"Brussels Flight Simulators\",\"description\":\"Trusted by Pilots, Loved by Enthusiasts\",\"publisher\":{\"@id\":\"https:\/\/staging.bfsimulators.com\/fr\/#organization\"},\"potentialAction\":[{\"@type\":\"SearchAction\",\"target\":{\"@type\":\"EntryPoint\",\"urlTemplate\":\"https:\/\/staging.bfsimulators.com\/fr\/?s={search_term_string}\"},\"query-input\":{\"@type\":\"PropertyValueSpecification\",\"valueRequired\":true,\"valueName\":\"search_term_string\"}}],\"inLanguage\":\"en-US\"},{\"@type\":\"Organization\",\"@id\":\"https:\/\/staging.bfsimulators.com\/fr\/#organization\",\"name\":\"Brussels Flight Simulators\",\"url\":\"https:\/\/staging.bfsimulators.com\/fr\/\",\"logo\":{\"@type\":\"ImageObject\",\"inLanguage\":\"en-US\",\"@id\":\"https:\/\/staging.bfsimulators.com\/fr\/#\/schema\/logo\/image\/\",\"url\":\"https:\/\/staging.bfsimulators.com\/wp-content\/uploads\/2021\/06\/Brussels-Flight-Simulators-LOGO-DEF-MASTER-V3-D-AVION-SOLO-5000x2250-600x300-1-e1624698461157.png\",\"contentUrl\":\"https:\/\/staging.bfsimulators.com\/wp-content\/uploads\/2021\/06\/Brussels-Flight-Simulators-LOGO-DEF-MASTER-V3-D-AVION-SOLO-5000x2250-600x300-1-e1624698461157.png\",\"width\":600,\"height\":198,\"caption\":\"Brussels Flight Simulators\"},\"image\":{\"@id\":\"https:\/\/staging.bfsimulators.com\/fr\/#\/schema\/logo\/image\/\"}}]}<\/script>\n<!-- \/ Yoast SEO Premium plugin. -->","yoast_head_json":{"title":"Voucher: F-16 \/ F-18 Fighter Aircraft - Brussels Flight Simulators","robots":{"index":"noindex","follow":"follow","max-snippet":"max-snippet:-1","max-image-preview":"max-image-preview:large","max-video-preview":"max-video-preview:-1"},"og_locale":"en_US","og_type":"article","og_title":"Voucher: F-16 \/ F-18 Fighter Aircraft","og_description":"Le cadeau ultime qui \u00e9pate ! 1 \u00e0 4 personnes Offrez \u00e0 1 \u00e0 4 personnes cette exp\u00e9rience \u00e9tonnante, palpitante et immersive : elles ne l'oublieront jamais ! L'exp\u00e9rience SOLO FIGHTER sur F-16 ou F\/A-18E est d\u00e9di\u00e9e \u00e0 un pilote solo. Toutefois, chaque pilote peut \u00eatre accompagn\u00e9 d'une ou deux personnes en tant qu'observateurs ; le pilote peut partager le temps aux commandes avec les observateurs s'il le souhaite. Veillez toutefois \u00e0 ne pas r\u00e9duire l'exp\u00e9rience de chacun au strict minimum de 15\/20 minutes. Le COMBO FIGHTERS est recommand\u00e9 si vous souhaitez offrir une session pour 2 personnes pilotant nos 2 avions de chasse F-16 et F\/A-18E en m\u00eame temps. Les 2 participants (amis, coll\u00e8gues, membres de la famille) piloteront \u00e0 la fois le F-16 et le F\/A-18E dans le m\u00eame espace a\u00e9rien : combats a\u00e9riens interactifs, vols en formation et missions coordonn\u00e9es ! L\u00e0 encore, chaque pilote peut \u00eatre accompagn\u00e9 d'une ou deux personnes en tant qu'observateurs ; chaque pilote peut partager le temps aux commandes avec les observateurs ou \u00e9changer avec l'autre pilote s'il le souhaite. Veillez toutefois \u00e0 ne pas r\u00e9duire l'exp\u00e9rience de chacun au strict minimum de 15\/20 minutes. Convient aux adultes et aux jeunes \u00e0 partir de 10 ans.Les vouchers sont valables \u00e0 vie et leur prix est prot\u00e9g\u00e9 pendant un an !","og_url":"https:\/\/staging.bfsimulators.com\/fr\/product\/voucher-fighters-fun-flight\/","og_site_name":"Brussels Flight Simulators","article_modified_time":"2023-08-17T15:10:48+00:00","og_image":[{"width":1424,"height":800,"url":"https:\/\/staging.bfsimulators.com\/wp-content\/uploads\/2021\/04\/F16-F18-Louis-Chloe-perspective.jpg","type":"image\/jpeg"}],"twitter_card":"summary_large_image","twitter_misc":{"Est. reading time":"2 minutes"},"schema":{"@context":"https:\/\/schema.org","@graph":[{"@type":"WebPage","@id":"https:\/\/staging.bfsimulators.com\/fr\/product\/voucher-fighters-fun-flight\/","url":"https:\/\/staging.bfsimulators.com\/fr\/product\/voucher-fighters-fun-flight\/","name":"Voucher: F-16 \/ F-18 Fighter Aircraft - Brussels Flight Simulators","isPartOf":{"@id":"https:\/\/staging.bfsimulators.com\/fr\/#website"},"primaryImageOfPage":{"@id":"https:\/\/staging.bfsimulators.com\/fr\/product\/voucher-fighters-fun-flight\/#primaryimage"},"image":{"@id":"https:\/\/staging.bfsimulators.com\/fr\/product\/voucher-fighters-fun-flight\/#primaryimage"},"thumbnailUrl":"https:\/\/staging.bfsimulators.com\/wp-content\/uploads\/2021\/04\/F16-F18-Louis-Chloe-perspective.jpg","datePublished":"2021-07-25T08:43:16+00:00","dateModified":"2023-08-17T15:10:48+00:00","breadcrumb":{"@id":"https:\/\/staging.bfsimulators.com\/fr\/product\/voucher-fighters-fun-flight\/#breadcrumb"},"inLanguage":"en-US","potentialAction":[{"@type":"ReadAction","target":["https:\/\/staging.bfsimulators.com\/fr\/product\/voucher-fighters-fun-flight\/"]}]},{"@type":"ImageObject","inLanguage":"en-US","@id":"https:\/\/staging.bfsimulators.com\/fr\/product\/voucher-fighters-fun-flight\/#primaryimage","url":"https:\/\/staging.bfsimulators.com\/wp-content\/uploads\/2021\/04\/F16-F18-Louis-Chloe-perspective.jpg","contentUrl":"https:\/\/staging.bfsimulators.com\/wp-content\/uploads\/2021\/04\/F16-F18-Louis-Chloe-perspective.jpg","width":1424,"height":800},{"@type":"BreadcrumbList","@id":"https:\/\/staging.bfsimulators.com\/fr\/product\/voucher-fighters-fun-flight\/#breadcrumb","itemListElement":[{"@type":"ListItem","position":1,"name":"Home","item":"https:\/\/staging.bfsimulators.com\/fr\/home-2\/"},{"@type":"ListItem","position":2,"name":"Boutique","item":"https:\/\/staging.bfsimulators.com\/fr\/shop\/"},{"@type":"ListItem","position":3,"name":"Voucher: F-16 \/ F-18 Fighter Aircraft"}]},{"@type":"WebSite","@id":"https:\/\/staging.bfsimulators.com\/fr\/#website","url":"https:\/\/staging.bfsimulators.com\/fr\/","name":"Brussels Flight Simulators","description":"Trusted by Pilots, Loved by Enthusiasts","publisher":{"@id":"https:\/\/staging.bfsimulators.com\/fr\/#organization"},"potentialAction":[{"@type":"SearchAction","target":{"@type":"EntryPoint","urlTemplate":"https:\/\/staging.bfsimulators.com\/fr\/?s={search_term_string}"},"query-input":{"@type":"PropertyValueSpecification","valueRequired":true,"valueName":"search_term_string"}}],"inLanguage":"en-US"},{"@type":"Organization","@id":"https:\/\/staging.bfsimulators.com\/fr\/#organization","name":"Brussels Flight Simulators","url":"https:\/\/staging.bfsimulators.com\/fr\/","logo":{"@type":"ImageObject","inLanguage":"en-US","@id":"https:\/\/staging.bfsimulators.com\/fr\/#\/schema\/logo\/image\/","url":"https:\/\/staging.bfsimulators.com\/wp-content\/uploads\/2021\/06\/Brussels-Flight-Simulators-LOGO-DEF-MASTER-V3-D-AVION-SOLO-5000x2250-600x300-1-e1624698461157.png","contentUrl":"https:\/\/staging.bfsimulators.com\/wp-content\/uploads\/2021\/06\/Brussels-Flight-Simulators-LOGO-DEF-MASTER-V3-D-AVION-SOLO-5000x2250-600x300-1-e1624698461157.png","width":600,"height":198,"caption":"Brussels Flight Simulators"},"image":{"@id":"https:\/\/staging.bfsimulators.com\/fr\/#\/schema\/logo\/image\/"}}]}},"_links":{"self":[{"href":"https:\/\/staging.bfsimulators.com\/fr\/wp-json\/wp\/v2\/product\/10517","targetHints":{"allow":["GET"]}}],"collection":[{"href":"https:\/\/staging.bfsimulators.com\/fr\/wp-json\/wp\/v2\/product"}],"about":[{"href":"https:\/\/staging.bfsimulators.com\/fr\/wp-json\/wp\/v2\/types\/product"}],"replies":[{"embeddable":true,"href":"https:\/\/staging.bfsimulators.com\/fr\/wp-json\/wp\/v2\/comments?post=10517"}],"version-history":[{"count":3,"href":"https:\/\/staging.bfsimulators.com\/fr\/wp-json\/wp\/v2\/product\/10517\/revisions"}],"predecessor-version":[{"id":52296,"href":"https:\/\/staging.bfsimulators.com\/fr\/wp-json\/wp\/v2\/product\/10517\/revisions\/52296"}],"wp:featuredmedia":[{"embeddable":true,"href":"https:\/\/staging.bfsimulators.com\/fr\/wp-json\/wp\/v2\/media\/8794"}],"wp:attachment":[{"href":"https:\/\/staging.bfsimulators.com\/fr\/wp-json\/wp\/v2\/media?parent=10517"}],"wp:term":[{"taxonomy":"product_brand","embeddable":true,"href":"https:\/\/staging.bfsimulators.com\/fr\/wp-json\/wp\/v2\/product_brand?post=10517"},{"taxonomy":"product_cat","embeddable":true,"href":"https:\/\/staging.bfsimulators.com\/fr\/wp-json\/wp\/v2\/product_cat?post=10517"},{"taxonomy":"product_tag","embeddable":true,"href":"https:\/\/staging.bfsimulators.com\/fr\/wp-json\/wp\/v2\/product_tag?post=10517"}],"curies":[{"name":"wp","href":"https:\/\/api.w.org\/{rel}","templated":true}]}}