{"id":17304,"date":"2021-11-18T18:35:42","date_gmt":"2021-11-18T17:39:00","guid":{"rendered":"https:\/\/staging.bfsimulators.com\/product\/cessna-172-fun-flight\/"},"modified":"2022-04-16T16:23:59","modified_gmt":"2022-04-16T14:23:59","slug":"cessna-172-fun-flight","status":"publish","type":"product","link":"https:\/\/staging.bfsimulators.com\/fr\/product\/cessna-172-fun-flight\/","title":{"rendered":"Beechcraft Baron BE58 Fun Flight"},"content":{"rendered":"<div class=\"global-product-page-full-description-master-col-flex\">\n<div class=\"global-product-page-full-description-left-col-60\">\n<h3>PRENEZ LES COMMANDES D&#8217;UN SIMULATEUR PROFESSIONNEL DE BEECHCRAFT BARON BE58, UN AVION BIMOTEUR L\u00c9GER TRES POPULAIRES !<\/h3>\n<p>Une exp\u00e9rience immersive incroyable \u00e0 210\u00b0 :<\/p>\n<ul>\n<li>1 ou 2 pilotes + max 1 observateur<\/li>\n<li>Instructeur simu professionnel inclus (EN\/FR\/NL)<\/li>\n<li>Briefing rapide gratuit de 5 min aux commandes, avant le d\u00e9but de la session (EN\/FR\/NL)<\/li>\n<li>Aucun pr\u00e9requis, vous volez d\u00e9j\u00e0 au bout de quelques minutes<\/li>\n<li>Accessible aux adultes et aux enfants \u00e0 partir de <strong>dix<\/strong> ans*<\/li>\n<li>Comportement ultra-r\u00e9aliste de l&#8217;avion<\/li>\n<li>+24.000 a\u00e9roports dans le monde<\/li>\n<li>Conditions m\u00e9t\u00e9orologiques enti\u00e8rement param\u00e9trables (beau temps, orages, temp\u00eates, vents traversiers, brouillard, givre, neige, m\u00e9t\u00e9o en temps r\u00e9el, etc.)<\/li>\n<li>D\u00e9collages, atterrissages, proc\u00e9dures VFR ou IFR, et pourquoi pas tonneaux, d\u00e9crochages et vrilles !<\/li>\n<li>Bref : du plaisir, du bonheur, de la d\u00e9couverte !<\/li>\n<\/ul>\n<p>        <nota>* piloter un simulateur de vol est cependant assez technique et ne convient pas aux enfants qui ne sont pas pr\u00eats \u00e0 garder un minimum de concentration &#8211; cela reste un simulateur de vol professionnel.\n    <\/div>\n<div class=\"global-product-page-full-description-right-col-40\">\n        <img decoding=\"async\" src=\"https:\/\/staging.bfsimulators.com\/wp-content\/uploads\/2021\/03\/c172.jpg\" alt=\"\" class=\"global-product-page-full-description-image\"><br \/>\n        <img decoding=\"async\" src=\"https:\/\/staging.bfsimulators.com\/wp-content\/uploads\/2021\/05\/20210528_161122.jpg\" alt=\"\" class=\"global-product-page-full-description-image\"><br \/>\n        <img decoding=\"async\" src=\"https:\/\/staging.bfsimulators.com\/wp-content\/uploads\/2021\/05\/20210528_161926.jpg\" alt=\"\" class=\"global-product-page-full-description-image\">\n    <\/div>\n<\/div>\n","protected":false},"excerpt":{"rendered":"<h3>R\u00c9SERVER UNE S\u00c9ANCE SUR BEECHCRAFT BE58<\/h3>\n<p><strong>Prenez le contr\u00f4le d&#8217;un simulateur professionnel Beechcraft Baron BE58, un avion bimoteur l\u00e9ger parmi les plus populaires !<\/strong><\/p>\n","protected":false},"featured_media":8702,"comment_status":"closed","ping_status":"closed","template":"","meta":{"_bfsim_aircraft_header":"","_bfsim_aircraft_details":"","_bfsim_aircraft_photos":""},"product_brand":[],"product_cat":[123,78],"product_tag":[89,91,100],"class_list":{"0":"post-17304","1":"product","2":"type-product","3":"status-publish","4":"has-post-thumbnail","6":"product_cat-bfsim-booking-fr","7":"product_cat-bookings-fr","8":"product_tag-c172-fr","9":"product_tag-civil-aircraft-fr","10":"product_tag-fun-flight-tag-fr","12":"first","13":"instock","14":"virtual","15":"taxable","16":"purchasable","17":"product-type-simple"},"booking_location":null,"booking_location_type":null,"booking_duration":null,"booking_duration_unit":null,"booking_buffer":null,"booking_cost":null,"booking_resources":null,"yoast_head":"<!-- This site is optimized with the Yoast SEO Premium plugin v26.9 (Yoast SEO v26.9) - https:\/\/yoast.com\/product\/yoast-seo-premium-wordpress\/ -->\n<title>Beechcraft Baron BE58 Fun Flight - Brussels Flight Simulators<\/title>\n<meta name=\"robots\" content=\"noindex, follow, max-snippet:-1, max-image-preview:large, max-video-preview:-1\" \/>\n<meta property=\"og:locale\" content=\"en_US\" \/>\n<meta property=\"og:type\" content=\"article\" \/>\n<meta property=\"og:title\" content=\"Beechcraft Baron BE58 Fun Flight\" \/>\n<meta property=\"og:description\" content=\"R\u00c9SERVER UNE S\u00c9ANCE SUR BEECHCRAFT BE58 Prenez le contr\u00f4le d&#039;un simulateur professionnel Beechcraft Baron BE58, un avion bimoteur l\u00e9ger parmi les plus populaires !\" \/>\n<meta property=\"og:url\" content=\"https:\/\/staging.bfsimulators.com\/fr\/product\/cessna-172-fun-flight\/\" \/>\n<meta property=\"og:site_name\" content=\"Brussels Flight Simulators\" \/>\n<meta property=\"article:modified_time\" content=\"2022-04-16T14:23:59+00:00\" \/>\n<meta property=\"og:image\" content=\"https:\/\/staging.bfsimulators.com\/wp-content\/uploads\/2021\/03\/BFSIM-C172-Father-Daughter-back.jpg\" \/>\n\t<meta property=\"og:image:width\" content=\"1600\" \/>\n\t<meta property=\"og:image:height\" content=\"899\" \/>\n\t<meta property=\"og:image:type\" content=\"image\/jpeg\" \/>\n<meta name=\"twitter:card\" content=\"summary_large_image\" \/>\n<meta name=\"twitter:label1\" content=\"Est. reading time\" \/>\n\t<meta name=\"twitter:data1\" content=\"1 minute\" \/>\n<script type=\"application\/ld+json\" class=\"yoast-schema-graph\">{\"@context\":\"https:\/\/schema.org\",\"@graph\":[{\"@type\":\"WebPage\",\"@id\":\"https:\/\/staging.bfsimulators.com\/fr\/product\/cessna-172-fun-flight\/\",\"url\":\"https:\/\/staging.bfsimulators.com\/fr\/product\/cessna-172-fun-flight\/\",\"name\":\"Beechcraft Baron BE58 Fun Flight - Brussels Flight Simulators\",\"isPartOf\":{\"@id\":\"https:\/\/staging.bfsimulators.com\/fr\/#website\"},\"primaryImageOfPage\":{\"@id\":\"https:\/\/staging.bfsimulators.com\/fr\/product\/cessna-172-fun-flight\/#primaryimage\"},\"image\":{\"@id\":\"https:\/\/staging.bfsimulators.com\/fr\/product\/cessna-172-fun-flight\/#primaryimage\"},\"thumbnailUrl\":\"https:\/\/staging.bfsimulators.com\/wp-content\/uploads\/2021\/03\/BFSIM-C172-Father-Daughter-back.jpg\",\"datePublished\":\"2021-11-18T17:39:00+00:00\",\"dateModified\":\"2022-04-16T14:23:59+00:00\",\"breadcrumb\":{\"@id\":\"https:\/\/staging.bfsimulators.com\/fr\/product\/cessna-172-fun-flight\/#breadcrumb\"},\"inLanguage\":\"en-US\",\"potentialAction\":[{\"@type\":\"ReadAction\",\"target\":[\"https:\/\/staging.bfsimulators.com\/fr\/product\/cessna-172-fun-flight\/\"]}]},{\"@type\":\"ImageObject\",\"inLanguage\":\"en-US\",\"@id\":\"https:\/\/staging.bfsimulators.com\/fr\/product\/cessna-172-fun-flight\/#primaryimage\",\"url\":\"https:\/\/staging.bfsimulators.com\/wp-content\/uploads\/2021\/03\/BFSIM-C172-Father-Daughter-back.jpg\",\"contentUrl\":\"https:\/\/staging.bfsimulators.com\/wp-content\/uploads\/2021\/03\/BFSIM-C172-Father-Daughter-back.jpg\",\"width\":1600,\"height\":899},{\"@type\":\"BreadcrumbList\",\"@id\":\"https:\/\/staging.bfsimulators.com\/fr\/product\/cessna-172-fun-flight\/#breadcrumb\",\"itemListElement\":[{\"@type\":\"ListItem\",\"position\":1,\"name\":\"Home\",\"item\":\"https:\/\/staging.bfsimulators.com\/fr\/home-2\/\"},{\"@type\":\"ListItem\",\"position\":2,\"name\":\"Boutique\",\"item\":\"https:\/\/staging.bfsimulators.com\/fr\/shop\/\"},{\"@type\":\"ListItem\",\"position\":3,\"name\":\"Beechcraft Baron BE58 Fun Flight\"}]},{\"@type\":\"WebSite\",\"@id\":\"https:\/\/staging.bfsimulators.com\/fr\/#website\",\"url\":\"https:\/\/staging.bfsimulators.com\/fr\/\",\"name\":\"Brussels Flight Simulators\",\"description\":\"Trusted by Pilots, Loved by Enthusiasts\",\"publisher\":{\"@id\":\"https:\/\/staging.bfsimulators.com\/fr\/#organization\"},\"potentialAction\":[{\"@type\":\"SearchAction\",\"target\":{\"@type\":\"EntryPoint\",\"urlTemplate\":\"https:\/\/staging.bfsimulators.com\/fr\/?s={search_term_string}\"},\"query-input\":{\"@type\":\"PropertyValueSpecification\",\"valueRequired\":true,\"valueName\":\"search_term_string\"}}],\"inLanguage\":\"en-US\"},{\"@type\":\"Organization\",\"@id\":\"https:\/\/staging.bfsimulators.com\/fr\/#organization\",\"name\":\"Brussels Flight Simulators\",\"url\":\"https:\/\/staging.bfsimulators.com\/fr\/\",\"logo\":{\"@type\":\"ImageObject\",\"inLanguage\":\"en-US\",\"@id\":\"https:\/\/staging.bfsimulators.com\/fr\/#\/schema\/logo\/image\/\",\"url\":\"https:\/\/staging.bfsimulators.com\/wp-content\/uploads\/2021\/06\/Brussels-Flight-Simulators-LOGO-DEF-MASTER-V3-D-AVION-SOLO-5000x2250-600x300-1-e1624698461157.png\",\"contentUrl\":\"https:\/\/staging.bfsimulators.com\/wp-content\/uploads\/2021\/06\/Brussels-Flight-Simulators-LOGO-DEF-MASTER-V3-D-AVION-SOLO-5000x2250-600x300-1-e1624698461157.png\",\"width\":600,\"height\":198,\"caption\":\"Brussels Flight Simulators\"},\"image\":{\"@id\":\"https:\/\/staging.bfsimulators.com\/fr\/#\/schema\/logo\/image\/\"}}]}<\/script>\n<!-- \/ Yoast SEO Premium plugin. -->","yoast_head_json":{"title":"Beechcraft Baron BE58 Fun Flight - Brussels Flight Simulators","robots":{"index":"noindex","follow":"follow","max-snippet":"max-snippet:-1","max-image-preview":"max-image-preview:large","max-video-preview":"max-video-preview:-1"},"og_locale":"en_US","og_type":"article","og_title":"Beechcraft Baron BE58 Fun Flight","og_description":"R\u00c9SERVER UNE S\u00c9ANCE SUR BEECHCRAFT BE58 Prenez le contr\u00f4le d'un simulateur professionnel Beechcraft Baron BE58, un avion bimoteur l\u00e9ger parmi les plus populaires !","og_url":"https:\/\/staging.bfsimulators.com\/fr\/product\/cessna-172-fun-flight\/","og_site_name":"Brussels Flight Simulators","article_modified_time":"2022-04-16T14:23:59+00:00","og_image":[{"width":1600,"height":899,"url":"https:\/\/staging.bfsimulators.com\/wp-content\/uploads\/2021\/03\/BFSIM-C172-Father-Daughter-back.jpg","type":"image\/jpeg"}],"twitter_card":"summary_large_image","twitter_misc":{"Est. reading time":"1 minute"},"schema":{"@context":"https:\/\/schema.org","@graph":[{"@type":"WebPage","@id":"https:\/\/staging.bfsimulators.com\/fr\/product\/cessna-172-fun-flight\/","url":"https:\/\/staging.bfsimulators.com\/fr\/product\/cessna-172-fun-flight\/","name":"Beechcraft Baron BE58 Fun Flight - Brussels Flight Simulators","isPartOf":{"@id":"https:\/\/staging.bfsimulators.com\/fr\/#website"},"primaryImageOfPage":{"@id":"https:\/\/staging.bfsimulators.com\/fr\/product\/cessna-172-fun-flight\/#primaryimage"},"image":{"@id":"https:\/\/staging.bfsimulators.com\/fr\/product\/cessna-172-fun-flight\/#primaryimage"},"thumbnailUrl":"https:\/\/staging.bfsimulators.com\/wp-content\/uploads\/2021\/03\/BFSIM-C172-Father-Daughter-back.jpg","datePublished":"2021-11-18T17:39:00+00:00","dateModified":"2022-04-16T14:23:59+00:00","breadcrumb":{"@id":"https:\/\/staging.bfsimulators.com\/fr\/product\/cessna-172-fun-flight\/#breadcrumb"},"inLanguage":"en-US","potentialAction":[{"@type":"ReadAction","target":["https:\/\/staging.bfsimulators.com\/fr\/product\/cessna-172-fun-flight\/"]}]},{"@type":"ImageObject","inLanguage":"en-US","@id":"https:\/\/staging.bfsimulators.com\/fr\/product\/cessna-172-fun-flight\/#primaryimage","url":"https:\/\/staging.bfsimulators.com\/wp-content\/uploads\/2021\/03\/BFSIM-C172-Father-Daughter-back.jpg","contentUrl":"https:\/\/staging.bfsimulators.com\/wp-content\/uploads\/2021\/03\/BFSIM-C172-Father-Daughter-back.jpg","width":1600,"height":899},{"@type":"BreadcrumbList","@id":"https:\/\/staging.bfsimulators.com\/fr\/product\/cessna-172-fun-flight\/#breadcrumb","itemListElement":[{"@type":"ListItem","position":1,"name":"Home","item":"https:\/\/staging.bfsimulators.com\/fr\/home-2\/"},{"@type":"ListItem","position":2,"name":"Boutique","item":"https:\/\/staging.bfsimulators.com\/fr\/shop\/"},{"@type":"ListItem","position":3,"name":"Beechcraft Baron BE58 Fun Flight"}]},{"@type":"WebSite","@id":"https:\/\/staging.bfsimulators.com\/fr\/#website","url":"https:\/\/staging.bfsimulators.com\/fr\/","name":"Brussels Flight Simulators","description":"Trusted by Pilots, Loved by Enthusiasts","publisher":{"@id":"https:\/\/staging.bfsimulators.com\/fr\/#organization"},"potentialAction":[{"@type":"SearchAction","target":{"@type":"EntryPoint","urlTemplate":"https:\/\/staging.bfsimulators.com\/fr\/?s={search_term_string}"},"query-input":{"@type":"PropertyValueSpecification","valueRequired":true,"valueName":"search_term_string"}}],"inLanguage":"en-US"},{"@type":"Organization","@id":"https:\/\/staging.bfsimulators.com\/fr\/#organization","name":"Brussels Flight Simulators","url":"https:\/\/staging.bfsimulators.com\/fr\/","logo":{"@type":"ImageObject","inLanguage":"en-US","@id":"https:\/\/staging.bfsimulators.com\/fr\/#\/schema\/logo\/image\/","url":"https:\/\/staging.bfsimulators.com\/wp-content\/uploads\/2021\/06\/Brussels-Flight-Simulators-LOGO-DEF-MASTER-V3-D-AVION-SOLO-5000x2250-600x300-1-e1624698461157.png","contentUrl":"https:\/\/staging.bfsimulators.com\/wp-content\/uploads\/2021\/06\/Brussels-Flight-Simulators-LOGO-DEF-MASTER-V3-D-AVION-SOLO-5000x2250-600x300-1-e1624698461157.png","width":600,"height":198,"caption":"Brussels Flight Simulators"},"image":{"@id":"https:\/\/staging.bfsimulators.com\/fr\/#\/schema\/logo\/image\/"}}]}},"_links":{"self":[{"href":"https:\/\/staging.bfsimulators.com\/fr\/wp-json\/wp\/v2\/product\/17304","targetHints":{"allow":["GET"]}}],"collection":[{"href":"https:\/\/staging.bfsimulators.com\/fr\/wp-json\/wp\/v2\/product"}],"about":[{"href":"https:\/\/staging.bfsimulators.com\/fr\/wp-json\/wp\/v2\/types\/product"}],"replies":[{"embeddable":true,"href":"https:\/\/staging.bfsimulators.com\/fr\/wp-json\/wp\/v2\/comments?post=17304"}],"version-history":[{"count":1,"href":"https:\/\/staging.bfsimulators.com\/fr\/wp-json\/wp\/v2\/product\/17304\/revisions"}],"predecessor-version":[{"id":20516,"href":"https:\/\/staging.bfsimulators.com\/fr\/wp-json\/wp\/v2\/product\/17304\/revisions\/20516"}],"wp:featuredmedia":[{"embeddable":true,"href":"https:\/\/staging.bfsimulators.com\/fr\/wp-json\/wp\/v2\/media\/8702"}],"wp:attachment":[{"href":"https:\/\/staging.bfsimulators.com\/fr\/wp-json\/wp\/v2\/media?parent=17304"}],"wp:term":[{"taxonomy":"product_brand","embeddable":true,"href":"https:\/\/staging.bfsimulators.com\/fr\/wp-json\/wp\/v2\/product_brand?post=17304"},{"taxonomy":"product_cat","embeddable":true,"href":"https:\/\/staging.bfsimulators.com\/fr\/wp-json\/wp\/v2\/product_cat?post=17304"},{"taxonomy":"product_tag","embeddable":true,"href":"https:\/\/staging.bfsimulators.com\/fr\/wp-json\/wp\/v2\/product_tag?post=17304"}],"curies":[{"name":"wp","href":"https:\/\/api.w.org\/{rel}","templated":true}]}}