{"id":9592,"date":"2021-06-18T21:19:57","date_gmt":"2021-07-23T09:44:01","guid":{"rendered":"https:\/\/staging.bfsimulators.com\/book-or-buy\/b737-ivao-session\/"},"modified":"2021-07-23T11:44:03","modified_gmt":"2021-07-23T09:44:03","slug":"b737-ivao-session","status":"publish","type":"product","link":"https:\/\/staging.bfsimulators.com\/fr\/product\/b737-ivao-session\/","title":{"rendered":"B737 IVAO SESSION"},"content":{"rendered":"","protected":false},"excerpt":{"rendered":"<h3>AM\u00c9LIOREZ VOTRE EXP\u00c9RIENCE B737 ET VOLEZ EN LIGNE AVEC IVAO !<\/h3>\n<p>Pilotez notre Boeing 737-800 NG dans un environnement occup\u00e9 comme un vrai pilote. Avec<a href=\"https:\/\/www.ivao.aero\/\" target=\"_blank\" rel=\"noopener noreferrer\"> IVAO<\/a> vous pouvez voler visuellement depuis des petits a\u00e9rodromes ou rejoindre les jets en attente de d\u00e9part sur les a\u00e9roports les plus fr\u00e9quent\u00e9s du monde !<\/p>\n<p>L&#8217;International Virtual Aviation Organisation, IVAO en abr\u00e9g\u00e9, a \u00e9t\u00e9 fond\u00e9e en 1998 pour fournir une plate-forme en ligne permettant aux passionn\u00e9s de simulation de vol de profiter de leur passe-temps dans un environnement simul\u00e9 du monde r\u00e9el, en compagnie d&#8217;autres personnes, volant ou fournissant des services de contr\u00f4le du trafic a\u00e9rien.<\/p>\n<p>Combinez cet environnement r\u00e9el simul\u00e9 avec le meilleur simulateur B737 connect\u00e9 \u00e0 IVAO en Belgique !<\/p>\n<ul>\n<li>Seul ou avec un ami\/copilote (jusqu&#8217;\u00e0 3 participants sont autoris\u00e9s)<\/li>\n<li>Op\u00e9rateur\/instructeur professionnel inclus<\/li>\n<li>Adh\u00e9sion IVAO requise*<\/li>\n<li>Fournissez votre plan de vol*<\/li>\n<li>Au moins 14 ans<\/li>\n<li>+24.000 a\u00e9roports dans le monde<\/li>\n<li>Conditions m\u00e9t\u00e9orologiques r\u00e9elles (obligatoire pour IVAO)<\/li>\n<li>Nous utilisons P3Dv5, PROSIM737 Professional et de nombreux addons<\/li>\n<\/ul>\n<p><strong><em>*Nous pouvons vous aider \u00e0 vous inscrire sur IVAO, apprendre les proc\u00e9dures et la phras\u00e9ologie, cr\u00e9er et remplir un plan de vol, etc.<\/em><\/strong><a href=\"https:\/\/staging.bfsimulators.com\/contact-us\/\"><strong><em> Contactez-nous<\/em><\/strong><\/a><strong><em> si vous avez besoin de cours pr\u00e9paratoires !<\/em><\/strong><\/p>\n","protected":false},"featured_media":8698,"comment_status":"closed","ping_status":"closed","template":"","meta":{"_bfsim_aircraft_header":"","_bfsim_aircraft_details":"","_bfsim_aircraft_photos":""},"product_brand":[],"product_cat":[80],"product_tag":[86,91],"class_list":{"0":"post-9592","1":"product","2":"type-product","3":"status-publish","4":"has-post-thumbnail","6":"product_cat-uncategorised-fr","7":"product_tag-b737-fr","8":"product_tag-civil-aircraft-fr","10":"first","11":"instock","12":"virtual","13":"sold-individually","14":"taxable","15":"purchasable","16":"product-type-booking"},"booking_location":"","booking_location_type":"","booking_duration":30,"booking_duration_unit":"minute","booking_buffer":30,"booking_cost":69,"booking_resources":[1011],"yoast_head":"<!-- This site is optimized with the Yoast SEO Premium plugin v26.9 (Yoast SEO v26.9) - https:\/\/yoast.com\/product\/yoast-seo-premium-wordpress\/ -->\n<title>B737 IVAO SESSION - Brussels Flight Simulators<\/title>\n<meta name=\"robots\" content=\"noindex, follow, max-snippet:-1, max-image-preview:large, max-video-preview:-1\" \/>\n<meta property=\"og:locale\" content=\"en_US\" \/>\n<meta property=\"og:type\" content=\"article\" \/>\n<meta property=\"og:title\" content=\"B737 IVAO SESSION\" \/>\n<meta property=\"og:description\" content=\"AM\u00c9LIOREZ VOTRE EXP\u00c9RIENCE B737 ET VOLEZ EN LIGNE AVEC IVAO ! Pilotez notre Boeing 737-800 NG dans un environnement occup\u00e9 comme un vrai pilote. Avec IVAO vous pouvez voler visuellement depuis des petits a\u00e9rodromes ou rejoindre les jets en attente de d\u00e9part sur les a\u00e9roports les plus fr\u00e9quent\u00e9s du monde ! L&#039;International Virtual Aviation Organisation, IVAO en abr\u00e9g\u00e9, a \u00e9t\u00e9 fond\u00e9e en 1998 pour fournir une plate-forme en ligne permettant aux passionn\u00e9s de simulation de vol de profiter de leur passe-temps dans un environnement simul\u00e9 du monde r\u00e9el, en compagnie d&#039;autres personnes, volant ou fournissant des services de contr\u00f4le du trafic a\u00e9rien. Combinez cet environnement r\u00e9el simul\u00e9 avec le meilleur simulateur B737 connect\u00e9 \u00e0 IVAO en Belgique !  Seul ou avec un ami\/copilote (jusqu&#039;\u00e0 3 participants sont autoris\u00e9s)  Op\u00e9rateur\/instructeur professionnel inclus  Adh\u00e9sion IVAO requise*  Fournissez votre plan de vol*  Au moins 14 ans  +24.000 a\u00e9roports dans le monde  Conditions m\u00e9t\u00e9orologiques r\u00e9elles (obligatoire pour IVAO)  Nous utilisons P3Dv5, PROSIM737 Professional et de nombreux addons *Nous pouvons vous aider \u00e0 vous inscrire sur IVAO, apprendre les proc\u00e9dures et la phras\u00e9ologie, cr\u00e9er et remplir un plan de vol, etc. Contactez-nous si vous avez besoin de cours pr\u00e9paratoires !\" \/>\n<meta property=\"og:url\" content=\"https:\/\/staging.bfsimulators.com\/fr\/product\/b737-ivao-session\/\" \/>\n<meta property=\"og:site_name\" content=\"Brussels Flight Simulators\" \/>\n<meta property=\"article:modified_time\" content=\"2021-07-23T09:44:03+00:00\" \/>\n<meta property=\"og:image\" content=\"https:\/\/staging.bfsimulators.com\/wp-content\/uploads\/2021\/03\/IVAO.jpg\" \/>\n\t<meta property=\"og:image:width\" content=\"600\" \/>\n\t<meta property=\"og:image:height\" content=\"360\" \/>\n\t<meta property=\"og:image:type\" content=\"image\/jpeg\" \/>\n<meta name=\"twitter:card\" content=\"summary_large_image\" \/>\n<script type=\"application\/ld+json\" class=\"yoast-schema-graph\">{\"@context\":\"https:\/\/schema.org\",\"@graph\":[{\"@type\":\"WebPage\",\"@id\":\"https:\/\/staging.bfsimulators.com\/fr\/product\/b737-ivao-session\/\",\"url\":\"https:\/\/staging.bfsimulators.com\/fr\/product\/b737-ivao-session\/\",\"name\":\"B737 IVAO SESSION - Brussels Flight Simulators\",\"isPartOf\":{\"@id\":\"https:\/\/staging.bfsimulators.com\/fr\/#website\"},\"primaryImageOfPage\":{\"@id\":\"https:\/\/staging.bfsimulators.com\/fr\/product\/b737-ivao-session\/#primaryimage\"},\"image\":{\"@id\":\"https:\/\/staging.bfsimulators.com\/fr\/product\/b737-ivao-session\/#primaryimage\"},\"thumbnailUrl\":\"https:\/\/staging.bfsimulators.com\/wp-content\/uploads\/2021\/03\/IVAO.jpg\",\"datePublished\":\"2021-07-23T09:44:01+00:00\",\"dateModified\":\"2021-07-23T09:44:03+00:00\",\"breadcrumb\":{\"@id\":\"https:\/\/staging.bfsimulators.com\/fr\/product\/b737-ivao-session\/#breadcrumb\"},\"inLanguage\":\"en-US\",\"potentialAction\":[{\"@type\":\"ReadAction\",\"target\":[\"https:\/\/staging.bfsimulators.com\/fr\/product\/b737-ivao-session\/\"]}]},{\"@type\":\"ImageObject\",\"inLanguage\":\"en-US\",\"@id\":\"https:\/\/staging.bfsimulators.com\/fr\/product\/b737-ivao-session\/#primaryimage\",\"url\":\"https:\/\/staging.bfsimulators.com\/wp-content\/uploads\/2021\/03\/IVAO.jpg\",\"contentUrl\":\"https:\/\/staging.bfsimulators.com\/wp-content\/uploads\/2021\/03\/IVAO.jpg\",\"width\":600,\"height\":360},{\"@type\":\"BreadcrumbList\",\"@id\":\"https:\/\/staging.bfsimulators.com\/fr\/product\/b737-ivao-session\/#breadcrumb\",\"itemListElement\":[{\"@type\":\"ListItem\",\"position\":1,\"name\":\"Home\",\"item\":\"https:\/\/staging.bfsimulators.com\/fr\/home-2\/\"},{\"@type\":\"ListItem\",\"position\":2,\"name\":\"Boutique\",\"item\":\"https:\/\/staging.bfsimulators.com\/fr\/shop\/\"},{\"@type\":\"ListItem\",\"position\":3,\"name\":\"B737 IVAO SESSION\"}]},{\"@type\":\"WebSite\",\"@id\":\"https:\/\/staging.bfsimulators.com\/fr\/#website\",\"url\":\"https:\/\/staging.bfsimulators.com\/fr\/\",\"name\":\"Brussels Flight Simulators\",\"description\":\"Trusted by Pilots, Loved by Enthusiasts\",\"publisher\":{\"@id\":\"https:\/\/staging.bfsimulators.com\/fr\/#organization\"},\"potentialAction\":[{\"@type\":\"SearchAction\",\"target\":{\"@type\":\"EntryPoint\",\"urlTemplate\":\"https:\/\/staging.bfsimulators.com\/fr\/?s={search_term_string}\"},\"query-input\":{\"@type\":\"PropertyValueSpecification\",\"valueRequired\":true,\"valueName\":\"search_term_string\"}}],\"inLanguage\":\"en-US\"},{\"@type\":\"Organization\",\"@id\":\"https:\/\/staging.bfsimulators.com\/fr\/#organization\",\"name\":\"Brussels Flight Simulators\",\"url\":\"https:\/\/staging.bfsimulators.com\/fr\/\",\"logo\":{\"@type\":\"ImageObject\",\"inLanguage\":\"en-US\",\"@id\":\"https:\/\/staging.bfsimulators.com\/fr\/#\/schema\/logo\/image\/\",\"url\":\"https:\/\/staging.bfsimulators.com\/wp-content\/uploads\/2021\/06\/Brussels-Flight-Simulators-LOGO-DEF-MASTER-V3-D-AVION-SOLO-5000x2250-600x300-1-e1624698461157.png\",\"contentUrl\":\"https:\/\/staging.bfsimulators.com\/wp-content\/uploads\/2021\/06\/Brussels-Flight-Simulators-LOGO-DEF-MASTER-V3-D-AVION-SOLO-5000x2250-600x300-1-e1624698461157.png\",\"width\":600,\"height\":198,\"caption\":\"Brussels Flight Simulators\"},\"image\":{\"@id\":\"https:\/\/staging.bfsimulators.com\/fr\/#\/schema\/logo\/image\/\"}}]}<\/script>\n<!-- \/ Yoast SEO Premium plugin. -->","yoast_head_json":{"title":"B737 IVAO SESSION - Brussels Flight Simulators","robots":{"index":"noindex","follow":"follow","max-snippet":"max-snippet:-1","max-image-preview":"max-image-preview:large","max-video-preview":"max-video-preview:-1"},"og_locale":"en_US","og_type":"article","og_title":"B737 IVAO SESSION","og_description":"AM\u00c9LIOREZ VOTRE EXP\u00c9RIENCE B737 ET VOLEZ EN LIGNE AVEC IVAO ! Pilotez notre Boeing 737-800 NG dans un environnement occup\u00e9 comme un vrai pilote. Avec IVAO vous pouvez voler visuellement depuis des petits a\u00e9rodromes ou rejoindre les jets en attente de d\u00e9part sur les a\u00e9roports les plus fr\u00e9quent\u00e9s du monde ! L'International Virtual Aviation Organisation, IVAO en abr\u00e9g\u00e9, a \u00e9t\u00e9 fond\u00e9e en 1998 pour fournir une plate-forme en ligne permettant aux passionn\u00e9s de simulation de vol de profiter de leur passe-temps dans un environnement simul\u00e9 du monde r\u00e9el, en compagnie d'autres personnes, volant ou fournissant des services de contr\u00f4le du trafic a\u00e9rien. Combinez cet environnement r\u00e9el simul\u00e9 avec le meilleur simulateur B737 connect\u00e9 \u00e0 IVAO en Belgique !  Seul ou avec un ami\/copilote (jusqu'\u00e0 3 participants sont autoris\u00e9s)  Op\u00e9rateur\/instructeur professionnel inclus  Adh\u00e9sion IVAO requise*  Fournissez votre plan de vol*  Au moins 14 ans  +24.000 a\u00e9roports dans le monde  Conditions m\u00e9t\u00e9orologiques r\u00e9elles (obligatoire pour IVAO)  Nous utilisons P3Dv5, PROSIM737 Professional et de nombreux addons *Nous pouvons vous aider \u00e0 vous inscrire sur IVAO, apprendre les proc\u00e9dures et la phras\u00e9ologie, cr\u00e9er et remplir un plan de vol, etc. Contactez-nous si vous avez besoin de cours pr\u00e9paratoires !","og_url":"https:\/\/staging.bfsimulators.com\/fr\/product\/b737-ivao-session\/","og_site_name":"Brussels Flight Simulators","article_modified_time":"2021-07-23T09:44:03+00:00","og_image":[{"width":600,"height":360,"url":"https:\/\/staging.bfsimulators.com\/wp-content\/uploads\/2021\/03\/IVAO.jpg","type":"image\/jpeg"}],"twitter_card":"summary_large_image","schema":{"@context":"https:\/\/schema.org","@graph":[{"@type":"WebPage","@id":"https:\/\/staging.bfsimulators.com\/fr\/product\/b737-ivao-session\/","url":"https:\/\/staging.bfsimulators.com\/fr\/product\/b737-ivao-session\/","name":"B737 IVAO SESSION - Brussels Flight Simulators","isPartOf":{"@id":"https:\/\/staging.bfsimulators.com\/fr\/#website"},"primaryImageOfPage":{"@id":"https:\/\/staging.bfsimulators.com\/fr\/product\/b737-ivao-session\/#primaryimage"},"image":{"@id":"https:\/\/staging.bfsimulators.com\/fr\/product\/b737-ivao-session\/#primaryimage"},"thumbnailUrl":"https:\/\/staging.bfsimulators.com\/wp-content\/uploads\/2021\/03\/IVAO.jpg","datePublished":"2021-07-23T09:44:01+00:00","dateModified":"2021-07-23T09:44:03+00:00","breadcrumb":{"@id":"https:\/\/staging.bfsimulators.com\/fr\/product\/b737-ivao-session\/#breadcrumb"},"inLanguage":"en-US","potentialAction":[{"@type":"ReadAction","target":["https:\/\/staging.bfsimulators.com\/fr\/product\/b737-ivao-session\/"]}]},{"@type":"ImageObject","inLanguage":"en-US","@id":"https:\/\/staging.bfsimulators.com\/fr\/product\/b737-ivao-session\/#primaryimage","url":"https:\/\/staging.bfsimulators.com\/wp-content\/uploads\/2021\/03\/IVAO.jpg","contentUrl":"https:\/\/staging.bfsimulators.com\/wp-content\/uploads\/2021\/03\/IVAO.jpg","width":600,"height":360},{"@type":"BreadcrumbList","@id":"https:\/\/staging.bfsimulators.com\/fr\/product\/b737-ivao-session\/#breadcrumb","itemListElement":[{"@type":"ListItem","position":1,"name":"Home","item":"https:\/\/staging.bfsimulators.com\/fr\/home-2\/"},{"@type":"ListItem","position":2,"name":"Boutique","item":"https:\/\/staging.bfsimulators.com\/fr\/shop\/"},{"@type":"ListItem","position":3,"name":"B737 IVAO SESSION"}]},{"@type":"WebSite","@id":"https:\/\/staging.bfsimulators.com\/fr\/#website","url":"https:\/\/staging.bfsimulators.com\/fr\/","name":"Brussels Flight Simulators","description":"Trusted by Pilots, Loved by Enthusiasts","publisher":{"@id":"https:\/\/staging.bfsimulators.com\/fr\/#organization"},"potentialAction":[{"@type":"SearchAction","target":{"@type":"EntryPoint","urlTemplate":"https:\/\/staging.bfsimulators.com\/fr\/?s={search_term_string}"},"query-input":{"@type":"PropertyValueSpecification","valueRequired":true,"valueName":"search_term_string"}}],"inLanguage":"en-US"},{"@type":"Organization","@id":"https:\/\/staging.bfsimulators.com\/fr\/#organization","name":"Brussels Flight Simulators","url":"https:\/\/staging.bfsimulators.com\/fr\/","logo":{"@type":"ImageObject","inLanguage":"en-US","@id":"https:\/\/staging.bfsimulators.com\/fr\/#\/schema\/logo\/image\/","url":"https:\/\/staging.bfsimulators.com\/wp-content\/uploads\/2021\/06\/Brussels-Flight-Simulators-LOGO-DEF-MASTER-V3-D-AVION-SOLO-5000x2250-600x300-1-e1624698461157.png","contentUrl":"https:\/\/staging.bfsimulators.com\/wp-content\/uploads\/2021\/06\/Brussels-Flight-Simulators-LOGO-DEF-MASTER-V3-D-AVION-SOLO-5000x2250-600x300-1-e1624698461157.png","width":600,"height":198,"caption":"Brussels Flight Simulators"},"image":{"@id":"https:\/\/staging.bfsimulators.com\/fr\/#\/schema\/logo\/image\/"}}]}},"_links":{"self":[{"href":"https:\/\/staging.bfsimulators.com\/fr\/wp-json\/wp\/v2\/product\/9592","targetHints":{"allow":["GET"]}}],"collection":[{"href":"https:\/\/staging.bfsimulators.com\/fr\/wp-json\/wp\/v2\/product"}],"about":[{"href":"https:\/\/staging.bfsimulators.com\/fr\/wp-json\/wp\/v2\/types\/product"}],"replies":[{"embeddable":true,"href":"https:\/\/staging.bfsimulators.com\/fr\/wp-json\/wp\/v2\/comments?post=9592"}],"version-history":[{"count":1,"href":"https:\/\/staging.bfsimulators.com\/fr\/wp-json\/wp\/v2\/product\/9592\/revisions"}],"predecessor-version":[{"id":9593,"href":"https:\/\/staging.bfsimulators.com\/fr\/wp-json\/wp\/v2\/product\/9592\/revisions\/9593"}],"wp:featuredmedia":[{"embeddable":true,"href":"https:\/\/staging.bfsimulators.com\/fr\/wp-json\/wp\/v2\/media\/8698"}],"wp:attachment":[{"href":"https:\/\/staging.bfsimulators.com\/fr\/wp-json\/wp\/v2\/media?parent=9592"}],"wp:term":[{"taxonomy":"product_brand","embeddable":true,"href":"https:\/\/staging.bfsimulators.com\/fr\/wp-json\/wp\/v2\/product_brand?post=9592"},{"taxonomy":"product_cat","embeddable":true,"href":"https:\/\/staging.bfsimulators.com\/fr\/wp-json\/wp\/v2\/product_cat?post=9592"},{"taxonomy":"product_tag","embeddable":true,"href":"https:\/\/staging.bfsimulators.com\/fr\/wp-json\/wp\/v2\/product_tag?post=9592"}],"curies":[{"name":"wp","href":"https:\/\/api.w.org\/{rel}","templated":true}]}}